{"id":323,"date":"2019-02-25T03:59:33","date_gmt":"2019-02-25T03:59:33","guid":{"rendered":"http:\/\/makymat.com\/v2\/?page_id=323"},"modified":"2026-02-06T21:12:56","modified_gmt":"2026-02-06T21:12:56","slug":"factores-de-exito","status":"publish","type":"page","link":"https:\/\/makymat.com\/en\/factores-de-exito\/","title":{"rendered":"SUCCESS FACTORS"},"content":{"rendered":"<p>[et_pb_section fb_built=\u00bb1&#8243; _builder_version=\u00bb4.16&#8243; background_image=\u00bbhttp:\/\/makymat.com\/v2\/wp-content\/uploads\/2019\/03\/logistica2.jpg\u00bb custom_padding=\u00bb0px|0px|17%|0px\u00bb global_colors_info=\u00bb{}\u00bb][et_pb_row column_structure=\u00bb1_4,1_2,1_4&#8243; use_custom_gutter=\u00bbon\u00bb gutter_width=\u00bb1&#8243; module_class=\u00bb et_pb_row_fullwidth\u00bb _builder_version=\u00bb4.16&#8243; width=\u00bb100%\u00bb width_tablet=\u00bb100%\u00bb width_phone=\u00bb100%\u00bb width_last_edited=\u00bbon|desktop\u00bb max_width=\u00bb100%\u00bb max_width_tablet=\u00bb100%\u00bb max_width_phone=\u00bb100%\u00bb max_width_last_edited=\u00bbon|desktop\u00bb module_alignment=\u00bbcenter\u00bb custom_margin=\u00bb0px|0px|0px|0px\u00bb custom_padding=\u00bb10%|0px|1%|0px\u00bb make_fullwidth=\u00bbon\u00bb global_colors_info=\u00bb{}\u00bb][et_pb_column type=\u00bb1_4&#8243; _builder_version=\u00bb4.16&#8243; custom_padding=\u00bb0px|0px|0px|0px\u00bb global_colors_info=\u00bb{}\u00bb custom_padding__hover=\u00bb|||\u00bb][\/et_pb_column][et_pb_column type=\u00bb1_2&#8243; _builder_version=\u00bb4.16&#8243; custom_padding=\u00bb|||\u00bb global_colors_info=\u00bb{}\u00bb custom_padding__hover=\u00bb|||\u00bb][et_pb_image src=\u00bbhttp:\/\/makymat.com\/v2\/wp-content\/uploads\/2019\/02\/hojatitulo.png\u00bb align=\u00bbcenter\u00bb align_tablet=\u00bbcenter\u00bb align_phone=\u00bbcenter\u00bb align_last_edited=\u00bbon|desktop\u00bb _builder_version=\u00bb4.16&#8243; custom_margin=\u00bb0px|0px|0px|0px\u00bb custom_padding=\u00bb0px|0px|10px|0px\u00bb global_colors_info=\u00bb{}\u00bb][\/et_pb_image][et_pb_text _builder_version=\u00bb4.17.4&#8243; custom_margin=\u00bb||0px|\u00bb global_colors_info=\u00bb{}\u00bb]<\/p>\n<h1 style=\"text-align: center;\"><span style=\"color: #ffffff;\"><strong><em>SUPPLY CHAIN<\/em><\/strong><\/span><\/h1>\n<p>[\/et_pb_text][\/et_pb_column][et_pb_column type=\u00bb1_4&#8243; _builder_version=\u00bb4.16&#8243; custom_padding=\u00bb|||\u00bb global_colors_info=\u00bb{}\u00bb custom_padding__hover=\u00bb|||\u00bb][\/et_pb_column][\/et_pb_row][et_pb_row _builder_version=\u00bb4.16&#8243; global_colors_info=\u00bb{}\u00bb][et_pb_column type=\u00bb4_4&#8243; _builder_version=\u00bb4.16&#8243; custom_padding=\u00bb|||\u00bb global_colors_info=\u00bb{}\u00bb custom_padding__hover=\u00bb|||\u00bb][et_pb_text _builder_version=\u00bb4.16&#8243; text_font=\u00bb||||||||\u00bb background_layout=\u00bbdark\u00bb global_colors_info=\u00bb{}\u00bb]<\/p>\n<p style=\"text-align: center;\"><span style=\"font-weight: 400;\">We manage more than 300 codes for which we have specialized logistics that allow us to deliver them well and on time to our customers. This involves the proper selection of suppliers, purchase planning, importation, processing, storage, and distribution exactly as requested, always striving to exceed their expectations for service and quality. <\/span><\/p>\n<p>[\/et_pb_text][\/et_pb_column][\/et_pb_row][\/et_pb_section][et_pb_section fb_built=\u00bb1&#8243; _builder_version=\u00bb4.16&#8243; custom_padding=\u00bb0px|0px|2px|0px\u00bb global_colors_info=\u00bb{}\u00bb][et_pb_row column_structure=\u00bb1_2,1_2&#8243; module_class=\u00bb et_pb_row_fullwidth\u00bb _builder_version=\u00bb4.16&#8243; width=\u00bb89%\u00bb width_tablet=\u00bb80%\u00bb width_phone=\u00bb80%\u00bb width_last_edited=\u00bbon|desktop\u00bb max_width=\u00bb89%\u00bb max_width_tablet=\u00bb80%\u00bb max_width_phone=\u00bb80%\u00bb max_width_last_edited=\u00bbon|desktop\u00bb custom_padding=\u00bb100px|0px|100px|0px\u00bb make_fullwidth=\u00bbon\u00bb global_colors_info=\u00bb{}\u00bb][et_pb_column type=\u00bb1_2&#8243; _builder_version=\u00bb4.16&#8243; custom_padding=\u00bb|||\u00bb global_colors_info=\u00bb{}\u00bb custom_padding__hover=\u00bb|||\u00bb][et_pb_text _builder_version=\u00bb4.16&#8243; text_font=\u00bb||||||||\u00bb text_text_color=\u00bb#405171&#8243; header_font=\u00bb||||||||\u00bb header_text_color=\u00bb#405171&#8243; custom_margin=\u00bb||0px|\u00bb global_colors_info=\u00bb{}\u00bb]<\/p>\n<h1 style=\"text-align: left;\"><strong><i><img loading=\"lazy\" decoding=\"async\" class=\"wp-image-125 alignnone size-full\" src=\"http:\/\/makymat.com\/v2\/wp-content\/uploads\/2019\/02\/hojaverde.png\" alt=\"\" width=\"40\" height=\"47\" \/>GEOGRAPHIC COVERAGE<\/i><\/strong><\/h1>\n<p>[\/et_pb_text][et_pb_text _builder_version=\u00bb4.16&#8243; text_font=\u00bb||||||||\u00bb text_text_color=\u00bb#405171&#8243; global_colors_info=\u00bb{}\u00bb]<\/p>\n<p><span style=\"font-weight: 400;\">We have developed infrastructure to deliver orders in the main industrial zones of Mexico within our sectors, within a reasonable timeframe. Our distribution force covers the following industrial zones of the country:<\/span><\/p>\n<p style=\"text-align: left;\"><span style=\"font-weight: 400;\">\u00a0<\/span><\/p>\n<p>[\/et_pb_text][et_pb_toggle title=\u00bbVER ZONAS\u00bb _builder_version=\u00bb4.27.4&#8243; global_colors_info=\u00bb{}\u00bb]<\/p>\n<p><span style=\"font-weight: 400;\"><strong>Mexico City and its Metropolitan area:<\/strong> Ciudad de M\u00e9xico, Estado de M\u00e9xico (Toluca y alrededores), Morelos (Cuernavaca), Hidalgo (Pachuca) y Tlaxcala<\/span><\/p>\n<p><span style=\"font-weight: 400;\"><strong>Northeast<\/strong> Nuevo Le\u00f3n y Tamaulipas\u00a0<\/span><\/p>\n<p><span style=\"font-weight: 400;\"><strong>North Center:<\/strong> Coahuila, Chihuahua y Zacatecas<\/span><\/p>\n<p><span style=\"font-weight: 400;\"><strong>West:<\/strong> Jalisco, Michoac\u00e1n y Sinaloa<\/span><\/p>\n<p><span style=\"font-weight: 400;\"><strong>Center:<\/strong> Quer\u00e9taro, Guanajuato, San Luis Potos\u00ed, Puebla y Tlaxcala<\/span><\/p>\n<p><span style=\"font-weight: 400;\"><strong>Southeast:<\/strong> Veracruz, Yucat\u00e1n, Campeche, Quintana Roo, Oaxaca, Tabasco y Chiapas<\/span><\/p>\n<p>[\/et_pb_toggle][\/et_pb_column][et_pb_column type=\u00bb1_2&#8243; _builder_version=\u00bb4.16&#8243; custom_padding=\u00bb|||\u00bb global_colors_info=\u00bb{}\u00bb custom_padding__hover=\u00bb|||\u00bb][et_pb_image src=\u00bbhttp:\/\/makymat.com\/v2\/wp-content\/uploads\/2019\/02\/camion.jpg\u00bb align=\u00bbcenter\u00bb align_tablet=\u00bbcenter\u00bb align_phone=\u00bbcenter\u00bb align_last_edited=\u00bbon|desktop\u00bb _builder_version=\u00bb4.16&#8243; custom_margin=\u00bb|||\u00bb custom_padding=\u00bb|||\u00bb animation_style=\u00bbslide\u00bb animation_direction=\u00bbright\u00bb global_colors_info=\u00bb{}\u00bb][\/et_pb_image][\/et_pb_column][\/et_pb_row][\/et_pb_section][et_pb_section fb_built=\u00bb1&#8243; fullwidth=\u00bbon\u00bb _builder_version=\u00bb4.16&#8243; global_colors_info=\u00bb{}\u00bb][et_pb_fullwidth_image src=\u00bbhttp:\/\/makymat.com\/v2\/wp-content\/uploads\/2019\/02\/divisor.jpg\u00bb _builder_version=\u00bb4.16&#8243; global_colors_info=\u00bb{}\u00bb][\/et_pb_fullwidth_image][\/et_pb_section][et_pb_section fb_built=\u00bb1&#8243; _builder_version=\u00bb4.16&#8243; background_color=\u00bb#405171&#8243; custom_padding=\u00bb54px|0px|99px|0px\u00bb global_colors_info=\u00bb{}\u00bb][et_pb_row _builder_version=\u00bb4.16&#8243; custom_padding=\u00bb|||\u00bb global_colors_info=\u00bb{}\u00bb][et_pb_column type=\u00bb4_4&#8243; _builder_version=\u00bb4.16&#8243; custom_padding=\u00bb|||\u00bb global_colors_info=\u00bb{}\u00bb custom_padding__hover=\u00bb|||\u00bb][et_pb_image src=\u00bbhttp:\/\/makymat.com\/v2\/wp-content\/uploads\/2019\/02\/hojatitulo.png\u00bb align=\u00bbcenter\u00bb align_tablet=\u00bbcenter\u00bb align_phone=\u00bbcenter\u00bb align_last_edited=\u00bbon|desktop\u00bb _builder_version=\u00bb4.16&#8243; custom_margin=\u00bb0px|0px|0px|0px\u00bb custom_padding=\u00bb0px|0px|0px|0px\u00bb global_colors_info=\u00bb{}\u00bb][\/et_pb_image][et_pb_text _builder_version=\u00bb4.16&#8243; custom_margin=\u00bb||0px|\u00bb global_colors_info=\u00bb{}\u00bb]<\/p>\n<h1 style=\"text-align: center;\"><span style=\"color: #ffffff;\"><strong><em>STORAGE<\/em><\/strong><\/span><\/h1>\n<p>[\/et_pb_text][et_pb_text _builder_version=\u00bb4.17.4&#8243; text_font=\u00bb||||||||\u00bb background_layout=\u00bbdark\u00bb global_colors_info=\u00bb{}\u00bb]<\/p>\n<p style=\"text-align: center;\"><span style=\"font-weight: 400;\">We have 4 distribution centers strategically located in the country to give you a better service.<\/span><\/p>\n<p>[\/et_pb_text][\/et_pb_column][\/et_pb_row][et_pb_row _builder_version=\u00bb4.17.4&#8243; _module_preset=\u00bbdefault\u00bb global_colors_info=\u00bb{}\u00bb][et_pb_column type=\u00bb4_4&#8243; _builder_version=\u00bb4.17.4&#8243; _module_preset=\u00bbdefault\u00bb global_colors_info=\u00bb{}\u00bb][et_pb_video src=\u00bbhttps:\/\/www.youtube.com\/watch?v=9rs3SPuibvs&#038;ab_channel=MakymatRedes\u00bb _builder_version=\u00bb4.17.4&#8243; _module_preset=\u00bbdefault\u00bb width=\u00bb57%\u00bb module_alignment=\u00bbcenter\u00bb global_colors_info=\u00bb{}\u00bb][\/et_pb_video][\/et_pb_column][\/et_pb_row][\/et_pb_section][et_pb_section fb_built=\u00bb1&#8243; _builder_version=\u00bb4.16&#8243; custom_padding=\u00bb0px|0px|2px|0px\u00bb global_colors_info=\u00bb{}\u00bb][et_pb_row module_class=\u00bb et_pb_row_fullwidth\u00bb _builder_version=\u00bb4.17.4&#8243; width=\u00bb89%\u00bb width_tablet=\u00bb80%\u00bb width_phone=\u00bb80%\u00bb width_last_edited=\u00bbon|desktop\u00bb max_width=\u00bb89%\u00bb max_width_tablet=\u00bb80%\u00bb max_width_phone=\u00bb80%\u00bb max_width_last_edited=\u00bbon|desktop\u00bb custom_padding=\u00bb39px|0px|31px|0px|false|false\u00bb make_fullwidth=\u00bbon\u00bb global_colors_info=\u00bb{}\u00bb][et_pb_column type=\u00bb4_4&#8243; _builder_version=\u00bb4.16&#8243; custom_padding=\u00bb|||\u00bb global_colors_info=\u00bb{}\u00bb custom_padding__hover=\u00bb|||\u00bb][et_pb_text _builder_version=\u00bb4.17.4&#8243; text_font=\u00bb||||||||\u00bb text_text_color=\u00bb#405171&#8243; header_font=\u00bb||||||||\u00bb header_text_color=\u00bb#405171&#8243; custom_margin=\u00bb||0px|\u00bb global_colors_info=\u00bb{}\u00bb]<\/p>\n<h1 style=\"text-align: left;\"><strong><i><img loading=\"lazy\" decoding=\"async\" class=\"wp-image-125 alignnone size-full\" src=\"http:\/\/makymat.com\/v2\/wp-content\/uploads\/2019\/02\/hojaverde.png\" alt=\"\" width=\"40\" height=\"47\" style=\"display: block; margin-left: auto; margin-right: auto;\" \/><\/i><\/strong><\/h1>\n<h1 style=\"text-align: center;\"><strong><i>SALES FORCE<\/i><\/strong><\/h1>\n<p>[\/et_pb_text][et_pb_text _builder_version=\u00bb4.17.4&#8243; text_font=\u00bb||||||||\u00bb text_text_color=\u00bb#405171&#8243; custom_padding=\u00bb0px||||false|false\u00bb global_colors_info=\u00bb{}\u00bb]<\/p>\n<h4 style=\"text-align: center;\" class=\"translation-block\">Our expert team is ready to provide you with exceptional service and specialized advice.<\/h4>\n<h4 style=\"text-align: center;\"><span style=\"font-size: large;\"><span style=\"font-weight: 400;\">We know every detail of our products and can help you find the perfect solutions for your needs.<\/span><\/span><\/h4>\n<p style=\"text-align: left;\"><span style=\"font-weight: 400;\">\u00a0<\/span><\/p>\n<p>[\/et_pb_text][et_pb_image src=\u00bbhttp:\/\/makymat.com\/v2\/wp-content\/uploads\/2026\/02\/2026-VENTAS-2.png\u00bb title_text=\u00bb2026 VENTAS\u00bb align=\u00bbcenter\u00bb align_tablet=\u00bbcenter\u00bb align_phone=\u00bbcenter\u00bb align_last_edited=\u00bbon|desktop\u00bb _builder_version=\u00bb4.27.4&#8243; width=\u00bb53%\u00bb custom_margin=\u00bb-48px||14px||false|false\u00bb custom_padding=\u00bb|||\u00bb animation_style=\u00bbslide\u00bb animation_direction=\u00bbright\u00bb hover_enabled=\u00bb0&#8243; global_colors_info=\u00bb{}\u00bb sticky_enabled=\u00bb0&#8243;][\/et_pb_image][\/et_pb_column][\/et_pb_row][\/et_pb_section]<\/p>","protected":false},"excerpt":{"rendered":"<p>CADENA DE SUMINISTROManejamos m\u00e1s de 300 c\u00f3digos para los cuales contamos con una log\u00edstica especializada que nos permite entregarlos bien y a tiempo a nuestros clientes, lo cual implica una selecci\u00f3n adecuada de proveedores, la planeaci\u00f3n de las compras, \u00a0su importaci\u00f3n, transformaci\u00f3n, almacenamiento y distribuci\u00f3n tal como nos lo requieren, buscando siempre superar sus expectativas [&hellip;]<\/p>","protected":false},"author":1,"featured_media":0,"parent":0,"menu_order":0,"comment_status":"closed","ping_status":"closed","template":"","meta":{"_et_pb_use_builder":"on","_et_pb_old_content":"","_et_gb_content_width":"","footnotes":""},"class_list":["post-323","page","type-page","status-publish","hentry"],"yoast_head":"<!-- This site is optimized with the Yoast SEO plugin v24.7 - https:\/\/yoast.com\/wordpress\/plugins\/seo\/ -->\n<title>FACTORES DE \u00c9XITO - Makymat<\/title>\n<meta name=\"robots\" content=\"index, follow, max-snippet:-1, max-image-preview:large, max-video-preview:-1\" \/>\n<link rel=\"canonical\" href=\"https:\/\/makymat.com\/en\/factores-de-exito\/\" \/>\n<meta property=\"og:locale\" content=\"en_US\" \/>\n<meta property=\"og:type\" content=\"article\" \/>\n<meta property=\"og:title\" content=\"FACTORES DE \u00c9XITO - Makymat\" \/>\n<meta property=\"og:description\" content=\"CADENA DE SUMINISTROManejamos m\u00e1s de 300 c\u00f3digos para los cuales contamos con una log\u00edstica especializada que nos permite entregarlos bien y a tiempo a nuestros clientes, lo cual implica una selecci\u00f3n adecuada de proveedores, la planeaci\u00f3n de las compras, \u00a0su importaci\u00f3n, transformaci\u00f3n, almacenamiento y distribuci\u00f3n tal como nos lo requieren, buscando siempre superar sus expectativas [&hellip;]\" \/>\n<meta property=\"og:url\" content=\"https:\/\/makymat.com\/en\/factores-de-exito\/\" \/>\n<meta property=\"og:site_name\" content=\"Makymat\" \/>\n<meta property=\"article:publisher\" content=\"https:\/\/www.facebook.com\/Makymat-122451571138003\/\" \/>\n<meta property=\"article:modified_time\" content=\"2026-02-06T21:12:56+00:00\" \/>\n<meta property=\"og:image\" content=\"http:\/\/makymat.com\/v2\/wp-content\/uploads\/2019\/02\/hojaverde.png\" \/>\n<meta name=\"twitter:card\" content=\"summary_large_image\" \/>\n<meta name=\"twitter:label1\" content=\"Est. reading time\" \/>\n\t<meta name=\"twitter:data1\" content=\"5 minutes\" \/>\n<script type=\"application\/ld+json\" class=\"yoast-schema-graph\">{\"@context\":\"https:\/\/schema.org\",\"@graph\":[{\"@type\":\"WebPage\",\"@id\":\"https:\/\/makymat.com\/factores-de-exito\/\",\"url\":\"https:\/\/makymat.com\/factores-de-exito\/\",\"name\":\"FACTORES DE \u00c9XITO - Makymat\",\"isPartOf\":{\"@id\":\"https:\/\/makymat.com\/#website\"},\"primaryImageOfPage\":{\"@id\":\"https:\/\/makymat.com\/factores-de-exito\/#primaryimage\"},\"image\":{\"@id\":\"https:\/\/makymat.com\/factores-de-exito\/#primaryimage\"},\"thumbnailUrl\":\"http:\/\/makymat.com\/v2\/wp-content\/uploads\/2019\/02\/hojaverde.png\",\"datePublished\":\"2019-02-25T03:59:33+00:00\",\"dateModified\":\"2026-02-06T21:12:56+00:00\",\"breadcrumb\":{\"@id\":\"https:\/\/makymat.com\/factores-de-exito\/#breadcrumb\"},\"inLanguage\":\"en-US\",\"potentialAction\":[{\"@type\":\"ReadAction\",\"target\":[\"https:\/\/makymat.com\/factores-de-exito\/\"]}]},{\"@type\":\"ImageObject\",\"inLanguage\":\"en-US\",\"@id\":\"https:\/\/makymat.com\/factores-de-exito\/#primaryimage\",\"url\":\"http:\/\/makymat.com\/v2\/wp-content\/uploads\/2019\/02\/hojaverde.png\",\"contentUrl\":\"http:\/\/makymat.com\/v2\/wp-content\/uploads\/2019\/02\/hojaverde.png\"},{\"@type\":\"BreadcrumbList\",\"@id\":\"https:\/\/makymat.com\/factores-de-exito\/#breadcrumb\",\"itemListElement\":[{\"@type\":\"ListItem\",\"position\":1,\"name\":\"Portada\",\"item\":\"https:\/\/makymat.com\/\"},{\"@type\":\"ListItem\",\"position\":2,\"name\":\"FACTORES DE \u00c9XITO\"}]},{\"@type\":\"WebSite\",\"@id\":\"https:\/\/makymat.com\/#website\",\"url\":\"https:\/\/makymat.com\/\",\"name\":\"Makymat\",\"description\":\"En Makymat tenemos como objetivo el brindarle ingredientes de alta tecnolog\u00eda para el sector de alimentos, industrial (pinturas, resinas y qu\u00edmica en general) ,empaque, salud y cuidado personal con un enfoque apoyado fuertemente en el servicio.\",\"publisher\":{\"@id\":\"https:\/\/makymat.com\/#organization\"},\"potentialAction\":[{\"@type\":\"SearchAction\",\"target\":{\"@type\":\"EntryPoint\",\"urlTemplate\":\"https:\/\/makymat.com\/?s={search_term_string}\"},\"query-input\":{\"@type\":\"PropertyValueSpecification\",\"valueRequired\":true,\"valueName\":\"search_term_string\"}}],\"inLanguage\":\"en-US\"},{\"@type\":\"Organization\",\"@id\":\"https:\/\/makymat.com\/#organization\",\"name\":\"MAKYMAT\",\"url\":\"https:\/\/makymat.com\/\",\"logo\":{\"@type\":\"ImageObject\",\"inLanguage\":\"en-US\",\"@id\":\"https:\/\/makymat.com\/#\/schema\/logo\/image\/\",\"url\":\"https:\/\/makymat.com\/v2\/wp-content\/uploads\/2019\/02\/logo-norm.png\",\"contentUrl\":\"https:\/\/makymat.com\/v2\/wp-content\/uploads\/2019\/02\/logo-norm.png\",\"width\":425,\"height\":56,\"caption\":\"MAKYMAT\"},\"image\":{\"@id\":\"https:\/\/makymat.com\/#\/schema\/logo\/image\/\"},\"sameAs\":[\"https:\/\/www.facebook.com\/Makymat-122451571138003\/\"]}]}<\/script>\n<!-- \/ Yoast SEO plugin. -->","yoast_head_json":{"title":"FACTORES DE \u00c9XITO - Makymat","robots":{"index":"index","follow":"follow","max-snippet":"max-snippet:-1","max-image-preview":"max-image-preview:large","max-video-preview":"max-video-preview:-1"},"canonical":"https:\/\/makymat.com\/en\/factores-de-exito\/","og_locale":"en_US","og_type":"article","og_title":"FACTORES DE \u00c9XITO - Makymat","og_description":"CADENA DE SUMINISTROManejamos m\u00e1s de 300 c\u00f3digos para los cuales contamos con una log\u00edstica especializada que nos permite entregarlos bien y a tiempo a nuestros clientes, lo cual implica una selecci\u00f3n adecuada de proveedores, la planeaci\u00f3n de las compras, \u00a0su importaci\u00f3n, transformaci\u00f3n, almacenamiento y distribuci\u00f3n tal como nos lo requieren, buscando siempre superar sus expectativas [&hellip;]","og_url":"https:\/\/makymat.com\/en\/factores-de-exito\/","og_site_name":"Makymat","article_publisher":"https:\/\/www.facebook.com\/Makymat-122451571138003\/","article_modified_time":"2026-02-06T21:12:56+00:00","og_image":[{"url":"http:\/\/makymat.com\/v2\/wp-content\/uploads\/2019\/02\/hojaverde.png","type":"","width":"","height":""}],"twitter_card":"summary_large_image","twitter_misc":{"Est. reading time":"5 minutes"},"schema":{"@context":"https:\/\/schema.org","@graph":[{"@type":"WebPage","@id":"https:\/\/makymat.com\/factores-de-exito\/","url":"https:\/\/makymat.com\/factores-de-exito\/","name":"FACTORES DE \u00c9XITO - Makymat","isPartOf":{"@id":"https:\/\/makymat.com\/#website"},"primaryImageOfPage":{"@id":"https:\/\/makymat.com\/factores-de-exito\/#primaryimage"},"image":{"@id":"https:\/\/makymat.com\/factores-de-exito\/#primaryimage"},"thumbnailUrl":"http:\/\/makymat.com\/v2\/wp-content\/uploads\/2019\/02\/hojaverde.png","datePublished":"2019-02-25T03:59:33+00:00","dateModified":"2026-02-06T21:12:56+00:00","breadcrumb":{"@id":"https:\/\/makymat.com\/factores-de-exito\/#breadcrumb"},"inLanguage":"en-US","potentialAction":[{"@type":"ReadAction","target":["https:\/\/makymat.com\/factores-de-exito\/"]}]},{"@type":"ImageObject","inLanguage":"en-US","@id":"https:\/\/makymat.com\/factores-de-exito\/#primaryimage","url":"http:\/\/makymat.com\/v2\/wp-content\/uploads\/2019\/02\/hojaverde.png","contentUrl":"http:\/\/makymat.com\/v2\/wp-content\/uploads\/2019\/02\/hojaverde.png"},{"@type":"BreadcrumbList","@id":"https:\/\/makymat.com\/factores-de-exito\/#breadcrumb","itemListElement":[{"@type":"ListItem","position":1,"name":"Portada","item":"https:\/\/makymat.com\/"},{"@type":"ListItem","position":2,"name":"FACTORES DE \u00c9XITO"}]},{"@type":"WebSite","@id":"https:\/\/makymat.com\/#website","url":"https:\/\/makymat.com\/","name":"Makymat","description":"En Makymat tenemos como objetivo el brindarle ingredientes de alta tecnolog\u00eda para el sector de alimentos, industrial (pinturas, resinas y qu\u00edmica en general) ,empaque, salud y cuidado personal con un enfoque apoyado fuertemente en el servicio.","publisher":{"@id":"https:\/\/makymat.com\/#organization"},"potentialAction":[{"@type":"SearchAction","target":{"@type":"EntryPoint","urlTemplate":"https:\/\/makymat.com\/?s={search_term_string}"},"query-input":{"@type":"PropertyValueSpecification","valueRequired":true,"valueName":"search_term_string"}}],"inLanguage":"en-US"},{"@type":"Organization","@id":"https:\/\/makymat.com\/#organization","name":"MAKYMAT","url":"https:\/\/makymat.com\/","logo":{"@type":"ImageObject","inLanguage":"en-US","@id":"https:\/\/makymat.com\/#\/schema\/logo\/image\/","url":"https:\/\/makymat.com\/v2\/wp-content\/uploads\/2019\/02\/logo-norm.png","contentUrl":"https:\/\/makymat.com\/v2\/wp-content\/uploads\/2019\/02\/logo-norm.png","width":425,"height":56,"caption":"MAKYMAT"},"image":{"@id":"https:\/\/makymat.com\/#\/schema\/logo\/image\/"},"sameAs":["https:\/\/www.facebook.com\/Makymat-122451571138003\/"]}]}},"_links":{"self":[{"href":"https:\/\/makymat.com\/en\/wp-json\/wp\/v2\/pages\/323","targetHints":{"allow":["GET"]}}],"collection":[{"href":"https:\/\/makymat.com\/en\/wp-json\/wp\/v2\/pages"}],"about":[{"href":"https:\/\/makymat.com\/en\/wp-json\/wp\/v2\/types\/page"}],"author":[{"embeddable":true,"href":"https:\/\/makymat.com\/en\/wp-json\/wp\/v2\/users\/1"}],"replies":[{"embeddable":true,"href":"https:\/\/makymat.com\/en\/wp-json\/wp\/v2\/comments?post=323"}],"version-history":[{"count":45,"href":"https:\/\/makymat.com\/en\/wp-json\/wp\/v2\/pages\/323\/revisions"}],"predecessor-version":[{"id":4355,"href":"https:\/\/makymat.com\/en\/wp-json\/wp\/v2\/pages\/323\/revisions\/4355"}],"wp:attachment":[{"href":"https:\/\/makymat.com\/en\/wp-json\/wp\/v2\/media?parent=323"}],"curies":[{"name":"wp","href":"https:\/\/api.w.org\/{rel}","templated":true}]}}