{"id":220,"date":"2019-02-19T19:31:28","date_gmt":"2019-02-19T19:31:28","guid":{"rendered":"http:\/\/makymat.com\/v2\/?page_id=220"},"modified":"2024-02-02T15:09:37","modified_gmt":"2024-02-02T15:09:37","slug":"socios-comerciales","status":"publish","type":"page","link":"https:\/\/makymat.com\/en\/socios-comerciales\/","title":{"rendered":"BUSINESS PARTNERS"},"content":{"rendered":"<p>[et_pb_section fb_built=\u00bb1&#8243; _builder_version=\u00bb4.16&#8243; background_image=\u00bbhttp:\/\/makymat.com\/v2\/wp-content\/uploads\/2019\/02\/nosotros.jpg\u00bb custom_padding=\u00bb0px|0px|51px|0px\u00bb global_colors_info=\u00bb{}\u00bb][et_pb_row column_structure=\u00bb1_4,1_2,1_4&#8243; _builder_version=\u00bb4.16&#8243; custom_margin=\u00bb|||\u00bb custom_padding=\u00bb61px|0px|0px|0px\u00bb global_colors_info=\u00bb{}\u00bb][et_pb_column type=\u00bb1_4&#8243; _builder_version=\u00bb4.16&#8243; custom_padding=\u00bb0px|0px|0px|0px\u00bb global_colors_info=\u00bb{}\u00bb custom_padding__hover=\u00bb|||\u00bb][\/et_pb_column][et_pb_column type=\u00bb1_2&#8243; _builder_version=\u00bb4.16&#8243; custom_padding=\u00bb|||\u00bb global_colors_info=\u00bb{}\u00bb custom_padding__hover=\u00bb|||\u00bb][et_pb_image src=\u00bbhttp:\/\/makymat.com\/v2\/wp-content\/uploads\/2019\/02\/hojatitulo.png\u00bb align=\u00bbcenter\u00bb align_tablet=\u00bbcenter\u00bb align_phone=\u00bb\u00bb align_last_edited=\u00bbon|desktop\u00bb _builder_version=\u00bb4.16&#8243; custom_margin=\u00bb0px|0px|0px|0px\u00bb custom_padding=\u00bb0px|0px|0px|0px\u00bb global_colors_info=\u00bb{}\u00bb][\/et_pb_image][et_pb_text _builder_version=\u00bb4.16&#8243; custom_margin=\u00bb||0px|\u00bb global_colors_info=\u00bb{}\u00bb]<\/p>\n<h1 style=\"text-align: center;\"><span style=\"color: #ffffff;\"><strong><em>BUSINESS PARTNERS<\/em><\/strong><\/span><\/h1>\n<p>[\/et_pb_text][et_pb_text _builder_version=\u00bb4.16&#8243; text_font=\u00bb||||||||\u00bb background_layout=\u00bbdark\u00bb global_colors_info=\u00bb{}\u00bb]<\/p>\n<p style=\"text-align: center;\" class=\"translation-block\">The key to a company's success is its relationships with suppliers, customers, and business partners. Below, we showcase some companies that have worked with us throughout this journey.<\/p>\n<p>[\/et_pb_text][\/et_pb_column][et_pb_column type=\u00bb1_4&#8243; _builder_version=\u00bb4.16&#8243; custom_padding=\u00bb|||\u00bb global_colors_info=\u00bb{}\u00bb custom_padding__hover=\u00bb|||\u00bb][\/et_pb_column][\/et_pb_row][\/et_pb_section][et_pb_section fb_built=\u00bb1&#8243; _builder_version=\u00bb4.16&#8243; custom_padding=\u00bb0px|0px|115px|0px\u00bb global_colors_info=\u00bb{}\u00bb][et_pb_row column_structure=\u00bb1_3,1_3,1_3&#8243; module_class=\u00bb et_pb_row_fullwidth\u00bb _builder_version=\u00bb4.16&#8243; width=\u00bb89%\u00bb width_tablet=\u00bb80%\u00bb width_phone=\u00bb\u00bb width_last_edited=\u00bbon|desktop\u00bb max_width=\u00bb89%\u00bb max_width_tablet=\u00bb80%\u00bb max_width_phone=\u00bb\u00bb max_width_last_edited=\u00bbon|desktop\u00bb make_fullwidth=\u00bbon\u00bb global_colors_info=\u00bb{}\u00bb][et_pb_column type=\u00bb1_3&#8243; _builder_version=\u00bb4.16&#8243; custom_padding=\u00bb|||\u00bb global_colors_info=\u00bb{}\u00bb custom_padding__hover=\u00bb|||\u00bb][dsm_image_reveal reveal_text=\u00bb<strong>Cargill<\/strong><\/p>\n<p> Almidones Modificados <br \/> Pectinas\u00bb src=\u00bbhttp:\/\/makymat.com\/v2\/wp-content\/uploads\/2022\/06\/5-300&#215;300.jpg\u00bb title_text=\u00bb5&#8243; reveal_overlay_color=\u00bb#405171&#8243; _builder_version=\u00bb4.17.4&#8243; _module_preset=\u00bbdefault\u00bb border_radii=\u00bbon|150px|150px|150px|150px\u00bb global_colors_info=\u00bb{}\u00bb][\/dsm_image_reveal][\/et_pb_column][et_pb_column type=\u00bb1_3&#8243; _builder_version=\u00bb4.16&#8243; custom_padding=\u00bb|||\u00bb global_colors_info=\u00bb{}\u00bb custom_padding__hover=\u00bb|||\u00bb][dsm_image_reveal reveal_text=\u00bb<strong>Meelunie<\/strong><\/p>\n<p>Gluten de Trigo<br \/>F\u00e9cula de Tapioca<br \/>F\u00e9cula de Papa\u00bb src=\u00bbhttp:\/\/makymat.com\/v2\/wp-content\/uploads\/2022\/06\/3-300&#215;300.jpg\u00bb title_text=\u00bb3&#8243; reveal_overlay_color=\u00bb#405171&#8243; _builder_version=\u00bb4.17.4&#8243; _module_preset=\u00bbdefault\u00bb border_radii=\u00bbon|150px|150px|150px|150px\u00bb global_colors_info=\u00bb{}\u00bb][\/dsm_image_reveal][\/et_pb_column][et_pb_column type=\u00bb1_3&#8243; _builder_version=\u00bb4.16&#8243; custom_padding=\u00bb|||\u00bb global_colors_info=\u00bb{}\u00bb custom_padding__hover=\u00bb|||\u00bb][dsm_image_reveal reveal_text=\u00bb<strong>Gelymar<\/strong> <\/p>\n<p>Carrageninas\u00bb src=\u00bbhttp:\/\/makymat.com\/v2\/wp-content\/uploads\/2022\/06\/15-300&#215;300.jpg\u00bb title_text=\u00bb15&#8243; reveal_overlay_color=\u00bb#405171&#8243; _builder_version=\u00bb4.17.4&#8243; _module_preset=\u00bbdefault\u00bb border_radii=\u00bbon|150px|150px|150px|150px\u00bb global_colors_info=\u00bb{}\u00bb][\/dsm_image_reveal][\/et_pb_column][\/et_pb_row][et_pb_row column_structure=\u00bb1_3,1_3,1_3&#8243; module_class=\u00bb et_pb_row_fullwidth\u00bb _builder_version=\u00bb4.16&#8243; width=\u00bb89%\u00bb width_tablet=\u00bb80%\u00bb width_phone=\u00bb\u00bb width_last_edited=\u00bbon|desktop\u00bb max_width=\u00bb89%\u00bb max_width_tablet=\u00bb80%\u00bb max_width_phone=\u00bb\u00bb max_width_last_edited=\u00bbon|desktop\u00bb make_fullwidth=\u00bbon\u00bb global_colors_info=\u00bb{}\u00bb][et_pb_column type=\u00bb1_3&#8243; _builder_version=\u00bb4.16&#8243; custom_padding=\u00bb|||\u00bb global_colors_info=\u00bb{}\u00bb custom_padding__hover=\u00bb|||\u00bb][dsm_image_reveal reveal_text=\u00bb<strong>Vedeqsa<\/strong> <\/p>\n<p>LAE Conservatives<br \/>Microencapsulados\u00bb src=\u00bbhttp:\/\/makymat.com\/v2\/wp-content\/uploads\/2022\/06\/2-300&#215;300.jpg\u00bb title_text=\u00bb2&#8243; reveal_overlay_color=\u00bb#405171&#8243; _builder_version=\u00bb4.17.4&#8243; _module_preset=\u00bbdefault\u00bb link_option_url=\u00bb https:\/\/vedeqsa.com\/\u00bb link_option_url_new_window=\u00bbon\u00bb border_radii=\u00bbon|150px|150px|150px|150px\u00bb global_colors_info=\u00bb{}\u00bb][\/dsm_image_reveal][\/et_pb_column][et_pb_column type=\u00bb1_3&#8243; _builder_version=\u00bb4.16&#8243; custom_padding=\u00bb|||\u00bb global_colors_info=\u00bb{}\u00bb custom_padding__hover=\u00bb|||\u00bb][dsm_image_reveal reveal_text=\u00bb<strong>Jelu<\/strong> <\/p>\n<p>Fibra de Bamb\u00fa<br \/>Fibra de Celulosa<br \/>Fibra de Trigo<br \/>Fibra de Avena\u00bb src=\u00bbhttp:\/\/makymat.com\/v2\/wp-content\/uploads\/2022\/06\/1-300&#215;300.jpg\u00bb title_text=\u00bb1&#8243; reveal_overlay_color=\u00bb#405171&#8243; _builder_version=\u00bb4.17.4&#8243; _module_preset=\u00bbdefault\u00bb link_option_url=\u00bb https:\/\/www.jelu-werk.com\/\u00bb link_option_url_new_window=\u00bbon\u00bb border_radii=\u00bbon|150px|150px|150px|150px\u00bb global_colors_info=\u00bb{}\u00bb][\/dsm_image_reveal][\/et_pb_column][et_pb_column type=\u00bb1_3&#8243; _builder_version=\u00bb4.16&#8243; custom_padding=\u00bb|||\u00bb global_colors_info=\u00bb{}\u00bb custom_padding__hover=\u00bb|||\u00bb][dsm_image_reveal reveal_text=\u00bb<strong>Gushen<\/strong> <\/p>\n<p>Prote\u00ednas de Soya\u00bb src=\u00bbhttp:\/\/makymat.com\/v2\/wp-content\/uploads\/2022\/06\/10-300&#215;300.jpg\u00bb title_text=\u00bb10&#8243; reveal_overlay_color=\u00bb#405171&#8243; _builder_version=\u00bb4.17.4&#8243; _module_preset=\u00bbdefault\u00bb link_option_url=\u00bb http:\/\/www.gsjt.com\/en\/page-5838.html\u00bb link_option_url_new_window=\u00bbon\u00bb border_radii=\u00bbon|150px|150px|150px|150px\u00bb global_colors_info=\u00bb{}\u00bb][\/dsm_image_reveal][\/et_pb_column][\/et_pb_row][et_pb_row column_structure=\u00bb1_3,1_3,1_3&#8243; module_class=\u00bb et_pb_row_fullwidth\u00bb _builder_version=\u00bb4.16&#8243; width=\u00bb89%\u00bb width_tablet=\u00bb80%\u00bb width_phone=\u00bb\u00bb width_last_edited=\u00bbon|desktop\u00bb max_width=\u00bb89%\u00bb max_width_tablet=\u00bb80%\u00bb max_width_phone=\u00bb\u00bb max_width_last_edited=\u00bbon|desktop\u00bb make_fullwidth=\u00bbon\u00bb global_colors_info=\u00bb{}\u00bb][et_pb_column type=\u00bb1_3&#8243; _builder_version=\u00bb4.16&#8243; custom_padding=\u00bb|||\u00bb global_colors_info=\u00bb{}\u00bb custom_padding__hover=\u00bb|||\u00bb][dsm_image_reveal reveal_text=\u00bb<strong>Destiler\u00edas Compostela<\/strong> <\/p>\n<p>Crema de L\u00edcor (base neutra vegetal y animal)\u00bb src=\u00bbhttp:\/\/makymat.com\/v2\/wp-content\/uploads\/2022\/06\/8-300&#215;300.jpg\u00bb title_text=\u00bb8&#8243; reveal_overlay_color=\u00bb#405171&#8243; _builder_version=\u00bb4.17.4&#8243; _module_preset=\u00bbdefault\u00bb link_option_url=\u00bbhttp:\/\/destileriascompostela.es\/\u00bb link_option_url_new_window=\u00bbon\u00bb border_radii=\u00bbon|150px|150px|150px|150px\u00bb global_colors_info=\u00bb{}\u00bb][\/dsm_image_reveal][\/et_pb_column][et_pb_column type=\u00bb1_3&#8243; _builder_version=\u00bb4.16&#8243; custom_padding=\u00bb|||\u00bb global_colors_info=\u00bb{}\u00bb custom_padding__hover=\u00bb|||\u00bb][dsm_image_reveal reveal_text=\u00bb<strong>Deosen<\/strong> <\/p>\n<p>Goma Xantana\u00bb src=\u00bbhttp:\/\/makymat.com\/v2\/wp-content\/uploads\/2022\/06\/11-300&#215;300.jpg\u00bb title_text=\u00bb11&#8243; reveal_overlay_color=\u00bb#405171&#8243; _builder_version=\u00bb4.17.4&#8243; _module_preset=\u00bbdefault\u00bb link_option_url=\u00bb http:\/\/www.deosenusa.com\/spa\/what_is_xanthan.html\u00bb link_option_url_new_window=\u00bbon\u00bb border_radii=\u00bbon|150px|150px|150px|150px\u00bb global_colors_info=\u00bb{}\u00bb][\/dsm_image_reveal][\/et_pb_column][et_pb_column type=\u00bb1_3&#8243; _builder_version=\u00bb4.16&#8243; custom_padding=\u00bb|||\u00bb global_colors_info=\u00bb{}\u00bb custom_padding__hover=\u00bb|||\u00bb][dsm_image_reveal reveal_text=\u00bb<strong>Fufeng<\/strong> <\/p>\n<p>Goma Xantana<br \/>Glutamato Monos\u00f3dico\u00bb src=\u00bbhttp:\/\/makymat.com\/v2\/wp-content\/uploads\/2022\/06\/14-300&#215;300.jpg\u00bb title_text=\u00bb14&#8243; reveal_overlay_color=\u00bb#405171&#8243; _builder_version=\u00bb4.17.4&#8243; _module_preset=\u00bbdefault\u00bb link_option_url=\u00bbhttp:\/\/en.fufeng-group.cn\/about\/\u00bb link_option_url_new_window=\u00bbon\u00bb border_radii=\u00bbon|150px|150px|150px|150px\u00bb global_colors_info=\u00bb{}\u00bb][\/dsm_image_reveal][\/et_pb_column][\/et_pb_row][et_pb_row column_structure=\u00bb1_3,1_3,1_3&#8243; module_class=\u00bb et_pb_row_fullwidth\u00bb _builder_version=\u00bb4.16&#8243; width=\u00bb89%\u00bb width_tablet=\u00bb80%\u00bb width_phone=\u00bb\u00bb width_last_edited=\u00bbon|desktop\u00bb max_width=\u00bb89%\u00bb max_width_tablet=\u00bb80%\u00bb max_width_phone=\u00bb\u00bb max_width_last_edited=\u00bbon|desktop\u00bb make_fullwidth=\u00bbon\u00bb global_colors_info=\u00bb{}\u00bb][et_pb_column type=\u00bb1_3&#8243; _builder_version=\u00bb4.16&#8243; custom_padding=\u00bb|||\u00bb global_colors_info=\u00bb{}\u00bb custom_padding__hover=\u00bb|||\u00bb][dsm_image_reveal reveal_text=\u00bb<strong>RZBC<\/strong> <\/p>\n<p>\u00c1cido C\u00edtrico<br \/>Citrato de Sodio\u00bb src=\u00bbhttp:\/\/makymat.com\/v2\/wp-content\/uploads\/2022\/06\/13-300&#215;300.jpg\u00bb title_text=\u00bb13&#8243; reveal_overlay_color=\u00bb#405171&#8243; _builder_version=\u00bb4.17.4&#8243; _module_preset=\u00bbdefault\u00bb link_option_url=\u00bbhttp:\/\/www.rzbc.com\/\u00bb link_option_url_new_window=\u00bbon\u00bb border_radii=\u00bbon|150px|150px|150px|150px\u00bb global_colors_info=\u00bb{}\u00bb][\/dsm_image_reveal][\/et_pb_column][et_pb_column type=\u00bb1_3&#8243; _builder_version=\u00bb4.16&#8243; custom_padding=\u00bb|||\u00bb global_colors_info=\u00bb{}\u00bb custom_padding__hover=\u00bb|||\u00bb][dsm_image_reveal reveal_text=\u00bb<strong>Amino Cube<\/strong> <\/p>\n<p>Papain<br \/>Meat Tenderizer\u00bb src=\u00bbhttp:\/\/makymat.com\/v2\/wp-content\/uploads\/2023\/11\/Diseno-sin-titulo-8-300&#215;300.jpg\u00bb title_text=\u00bbDise\u00f1o sin t\u00edtulo (8)\u00bb reveal_overlay_color=\u00bb#405171&#8243; _builder_version=\u00bb4.17.4&#8243; _module_preset=\u00bbdefault\u00bb link_option_url=\u00bbhttps:\/\/newie.es\/\u00bb link_option_url_new_window=\u00bbon\u00bb border_radii=\u00bbon|150px|150px|150px|150px\u00bb global_colors_info=\u00bb{}\u00bb][\/dsm_image_reveal][\/et_pb_column][et_pb_column type=\u00bb1_3&#8243; _builder_version=\u00bb4.16&#8243; custom_padding=\u00bb|||\u00bb global_colors_info=\u00bb{}\u00bb custom_padding__hover=\u00bb|||\u00bb][dsm_image_reveal reveal_text=\u00bb<strong>Parker<\/strong> <\/p>\n<p>Abrillantadores<br \/>Selladores\u00bb src=\u00bbhttp:\/\/makymat.com\/v2\/wp-content\/uploads\/2022\/06\/9-300&#215;300.jpg\u00bb title_text=\u00bb9&#8243; reveal_overlay_color=\u00bb#405171&#8243; _builder_version=\u00bb4.17.4&#8243; _module_preset=\u00bbdefault\u00bb link_option_url=\u00bb https:\/\/parkeringredients.com\/\u00bb link_option_url_new_window=\u00bbon\u00bb border_radii=\u00bbon|150px|150px|150px|150px\u00bb global_colors_info=\u00bb{}\u00bb][\/dsm_image_reveal][\/et_pb_column][\/et_pb_row][et_pb_row column_structure=\u00bb1_3,1_3,1_3&#8243; module_class=\u00bb et_pb_row_fullwidth\u00bb _builder_version=\u00bb4.16&#8243; width=\u00bb89%\u00bb width_tablet=\u00bb80%\u00bb width_phone=\u00bb\u00bb width_last_edited=\u00bbon|desktop\u00bb max_width=\u00bb89%\u00bb max_width_tablet=\u00bb80%\u00bb max_width_phone=\u00bb\u00bb max_width_last_edited=\u00bbon|desktop\u00bb make_fullwidth=\u00bbon\u00bb global_colors_info=\u00bb{}\u00bb][et_pb_column type=\u00bb1_3&#8243; _builder_version=\u00bb4.16&#8243; custom_padding=\u00bb|||\u00bb global_colors_info=\u00bb{}\u00bb custom_padding__hover=\u00bb|||\u00bb][dsm_image_reveal reveal_text=\u00bb<strong>Yantai Shuangta Food<\/strong> <\/p>\n<p>Prote\u00edna de Ch\u00edcharo (80%, 85% y 90%)<br \/>Fibra de Ch\u00edcharo<br \/>Almid\u00f3n de Ch\u00edcharo\u00bb src=\u00bbhttp:\/\/makymat.com\/v2\/wp-content\/uploads\/2022\/06\/16-300&#215;300.jpg\u00bb title_text=\u00bb16&#8243; reveal_overlay_color=\u00bb#405171&#8243; _builder_version=\u00bb4.17.4&#8243; _module_preset=\u00bbdefault\u00bb link_option_url=\u00bb http:\/\/en.shuangtafood.com\/\u00bb link_option_url_new_window=\u00bbon\u00bb border_radii=\u00bbon|150px|150px|150px|150px\u00bb global_colors_info=\u00bb{}\u00bb][\/dsm_image_reveal][\/et_pb_column][et_pb_column type=\u00bb1_3&#8243; _builder_version=\u00bb4.16&#8243; custom_padding=\u00bb|||\u00bb global_colors_info=\u00bb{}\u00bb custom_padding__hover=\u00bb|||\u00bb][dsm_image_reveal reveal_text=\u00bb<strong>BoltHouse Farms<\/strong> <\/p>\n<p>Fibra de Zanahoria\u00bb src=\u00bbhttp:\/\/makymat.com\/v2\/wp-content\/uploads\/2022\/06\/6-300&#215;300.jpg\u00bb title_text=\u00bb6&#8243; reveal_overlay_color=\u00bb#405171&#8243; _builder_version=\u00bb4.17.4&#8243; _module_preset=\u00bbdefault\u00bb link_option_url=\u00bbhttps:\/\/www.bolthouse.com\/hydrobind-carrot-fiber\/\u00bb link_option_url_new_window=\u00bbon\u00bb border_radii=\u00bbon|150px|150px|150px|150px\u00bb global_colors_info=\u00bb{}\u00bb][\/dsm_image_reveal][\/et_pb_column][et_pb_column type=\u00bb1_3&#8243; _builder_version=\u00bb4.16&#8243; custom_padding=\u00bb|||\u00bb global_colors_info=\u00bb{}\u00bb custom_padding__hover=\u00bb|||\u00bb][dsm_image_reveal reveal_text=\u00bb<strong> Martino Rossi <\/strong> <\/p>\n<p>MolidaVegan Mix<\/p>\n<p>PlantMix Burger\u00bb src=\u00bbhttp:\/\/makymat.com\/v2\/wp-content\/uploads\/2023\/12\/Diseno-sin-titulo-2023-12-06T094825.846-300&#215;300.png\u00bb title_text=\u00bbDise\u00f1o sin t\u00edtulo &#8211; 2023-12-06T094825.846&#8243; reveal_overlay_color=\u00bb#405171&#8243; _builder_version=\u00bb4.17.4&#8243; _module_preset=\u00bbdefault\u00bb link_option_url=\u00bbhttps:\/\/www.bolthouse.com\/hydrobind-carrot-fiber\/\u00bb link_option_url_new_window=\u00bbon\u00bb hover_enabled=\u00bb0&#8243; border_radii=\u00bbon|150px|150px|150px|150px\u00bb global_colors_info=\u00bb{}\u00bb sticky_enabled=\u00bb0&#8243;][\/dsm_image_reveal][\/et_pb_column][\/et_pb_row][\/et_pb_section]<\/p>","protected":false},"excerpt":{"rendered":"<p>SOCIOS COMERCIALES La clave del \u00e9xito de una empresa son las relaciones con proveedores, clientes y aliados comerciales. A continuaci\u00f3n les mostramos algunas compa\u00f1\u00edas que han trabajado con nosotros durante esta trayectoria. <div class=\"et_pb_module dsm_image_reveal dsm_image_reveal_0\">\n\t\t\t\t\n\t\t\t\t\n\t\t\t\t\n\t\t\t\t\n\t\t\t\t\n\t\t\t\t\n\t\t\t\t<div class=\"et_pb_module_inner\">\n\t\t\t\t\t<div class=\"dsm-image-reveal et_pb_bg_layout_dark et_always_center_on_mobile\">\n\t\t\t\t\n\t\t\t\t\n\t\t\t\t<div class=\"dsm-image-wrapper\"><span class=\"et_pb_image_wrap\"><div class=\"dsm-image-reveal-overlay\"><\/div><img decoding=\"async\" src=\"http:\/\/makymat.com\/v2\/wp-content\/uploads\/2022\/06\/5-300x300.jpg\" alt=\"\" title=\"5\" \/><div class=\"dsm-image-reveal-text-wrapper\"><h3 class=\"dsm-image-reveal-text et_pb_module_header et_pb_text_align_center\" data-splitting>Cargill Almidones Modificados Pectinas<\/h3><\/div><\/span><\/div>\n\t\t\t<\/div>\n\t\t\t\t<\/div>\n\t\t\t<\/div><div class=\"et_pb_module dsm_image_reveal dsm_image_reveal_1\">\n\t\t\t\t\n\t\t\t\t\n\t\t\t\t\n\t\t\t\t\n\t\t\t\t\n\t\t\t\t\n\t\t\t\t<div class=\"et_pb_module_inner\">\n\t\t\t\t\t<div class=\"dsm-image-reveal et_pb_bg_layout_dark et_always_center_on_mobile\">\n\t\t\t\t\n\t\t\t\t\n\t\t\t\t<div class=\"dsm-image-wrapper\"><span class=\"et_pb_image_wrap\"><div class=\"dsm-image-reveal-overlay\"><\/div><img decoding=\"async\" src=\"\u00bbhttp:\/\/makymat.com\/v2\/wp-content\/uploads\/2022\/06\/3-300&#215;300.jpg\u00bb\" alt=\"\" title=\"\u00bb3&#8243;\" \/><div class=\"dsm-image-reveal-text-wrapper\"><h3 class=\"dsm-image-reveal-text et_pb_module_header et_pb_text_align_center\" data-splitting>\u00bbMeelunieGluten<\/h3><\/div><\/span><\/div>\n\t\t\t<\/div>\n\t\t\t\t<\/div>\n\t\t\t<\/div><\/p>","protected":false},"author":1,"featured_media":0,"parent":0,"menu_order":0,"comment_status":"closed","ping_status":"closed","template":"","meta":{"_et_pb_use_builder":"on","_et_pb_old_content":"","_et_gb_content_width":"","footnotes":""},"class_list":["post-220","page","type-page","status-publish","hentry"],"yoast_head":"<!-- This site is optimized with the Yoast SEO plugin v24.7 - https:\/\/yoast.com\/wordpress\/plugins\/seo\/ -->\n<title>SOCIOS COMERCIALES - Makymat<\/title>\n<meta name=\"robots\" content=\"index, follow, max-snippet:-1, max-image-preview:large, max-video-preview:-1\" \/>\n<link rel=\"canonical\" href=\"https:\/\/makymat.com\/en\/socios-comerciales\/\" \/>\n<meta property=\"og:locale\" content=\"en_US\" \/>\n<meta property=\"og:type\" content=\"article\" \/>\n<meta property=\"og:title\" content=\"SOCIOS COMERCIALES - Makymat\" \/>\n<meta property=\"og:description\" content=\"SOCIOS COMERCIALES La clave del \u00e9xito de una empresa son las relaciones con proveedores, clientes y aliados comerciales. A continuaci\u00f3n les mostramos algunas compa\u00f1\u00edas que han trabajado con nosotros durante esta trayectoria.\" \/>\n<meta property=\"og:url\" content=\"https:\/\/makymat.com\/en\/socios-comerciales\/\" \/>\n<meta property=\"og:site_name\" content=\"Makymat\" \/>\n<meta property=\"article:publisher\" content=\"https:\/\/www.facebook.com\/Makymat-122451571138003\/\" \/>\n<meta property=\"article:modified_time\" content=\"2024-02-02T15:09:37+00:00\" \/>\n<meta name=\"twitter:card\" content=\"summary_large_image\" \/>\n<meta name=\"twitter:label1\" content=\"Est. reading time\" \/>\n\t<meta name=\"twitter:data1\" content=\"8 minutes\" \/>\n<script type=\"application\/ld+json\" class=\"yoast-schema-graph\">{\"@context\":\"https:\/\/schema.org\",\"@graph\":[{\"@type\":\"WebPage\",\"@id\":\"https:\/\/makymat.com\/socios-comerciales\/\",\"url\":\"https:\/\/makymat.com\/socios-comerciales\/\",\"name\":\"SOCIOS COMERCIALES - Makymat\",\"isPartOf\":{\"@id\":\"https:\/\/makymat.com\/#website\"},\"datePublished\":\"2019-02-19T19:31:28+00:00\",\"dateModified\":\"2024-02-02T15:09:37+00:00\",\"breadcrumb\":{\"@id\":\"https:\/\/makymat.com\/socios-comerciales\/#breadcrumb\"},\"inLanguage\":\"en-US\",\"potentialAction\":[{\"@type\":\"ReadAction\",\"target\":[\"https:\/\/makymat.com\/socios-comerciales\/\"]}]},{\"@type\":\"BreadcrumbList\",\"@id\":\"https:\/\/makymat.com\/socios-comerciales\/#breadcrumb\",\"itemListElement\":[{\"@type\":\"ListItem\",\"position\":1,\"name\":\"Portada\",\"item\":\"https:\/\/makymat.com\/\"},{\"@type\":\"ListItem\",\"position\":2,\"name\":\"SOCIOS COMERCIALES\"}]},{\"@type\":\"WebSite\",\"@id\":\"https:\/\/makymat.com\/#website\",\"url\":\"https:\/\/makymat.com\/\",\"name\":\"Makymat\",\"description\":\"En Makymat tenemos como objetivo el brindarle ingredientes de alta tecnolog\u00eda para el sector de alimentos, industrial (pinturas, resinas y qu\u00edmica en general) ,empaque, salud y cuidado personal con un enfoque apoyado fuertemente en el servicio.\",\"publisher\":{\"@id\":\"https:\/\/makymat.com\/#organization\"},\"potentialAction\":[{\"@type\":\"SearchAction\",\"target\":{\"@type\":\"EntryPoint\",\"urlTemplate\":\"https:\/\/makymat.com\/?s={search_term_string}\"},\"query-input\":{\"@type\":\"PropertyValueSpecification\",\"valueRequired\":true,\"valueName\":\"search_term_string\"}}],\"inLanguage\":\"en-US\"},{\"@type\":\"Organization\",\"@id\":\"https:\/\/makymat.com\/#organization\",\"name\":\"MAKYMAT\",\"url\":\"https:\/\/makymat.com\/\",\"logo\":{\"@type\":\"ImageObject\",\"inLanguage\":\"en-US\",\"@id\":\"https:\/\/makymat.com\/#\/schema\/logo\/image\/\",\"url\":\"https:\/\/makymat.com\/v2\/wp-content\/uploads\/2019\/02\/logo-norm.png\",\"contentUrl\":\"https:\/\/makymat.com\/v2\/wp-content\/uploads\/2019\/02\/logo-norm.png\",\"width\":425,\"height\":56,\"caption\":\"MAKYMAT\"},\"image\":{\"@id\":\"https:\/\/makymat.com\/#\/schema\/logo\/image\/\"},\"sameAs\":[\"https:\/\/www.facebook.com\/Makymat-122451571138003\/\"]}]}<\/script>\n<!-- \/ Yoast SEO plugin. -->","yoast_head_json":{"title":"SOCIOS COMERCIALES - Makymat","robots":{"index":"index","follow":"follow","max-snippet":"max-snippet:-1","max-image-preview":"max-image-preview:large","max-video-preview":"max-video-preview:-1"},"canonical":"https:\/\/makymat.com\/en\/socios-comerciales\/","og_locale":"en_US","og_type":"article","og_title":"SOCIOS COMERCIALES - Makymat","og_description":"SOCIOS COMERCIALES La clave del \u00e9xito de una empresa son las relaciones con proveedores, clientes y aliados comerciales. A continuaci\u00f3n les mostramos algunas compa\u00f1\u00edas que han trabajado con nosotros durante esta trayectoria.","og_url":"https:\/\/makymat.com\/en\/socios-comerciales\/","og_site_name":"Makymat","article_publisher":"https:\/\/www.facebook.com\/Makymat-122451571138003\/","article_modified_time":"2024-02-02T15:09:37+00:00","twitter_card":"summary_large_image","twitter_misc":{"Est. reading time":"8 minutes"},"schema":{"@context":"https:\/\/schema.org","@graph":[{"@type":"WebPage","@id":"https:\/\/makymat.com\/socios-comerciales\/","url":"https:\/\/makymat.com\/socios-comerciales\/","name":"SOCIOS COMERCIALES - Makymat","isPartOf":{"@id":"https:\/\/makymat.com\/#website"},"datePublished":"2019-02-19T19:31:28+00:00","dateModified":"2024-02-02T15:09:37+00:00","breadcrumb":{"@id":"https:\/\/makymat.com\/socios-comerciales\/#breadcrumb"},"inLanguage":"en-US","potentialAction":[{"@type":"ReadAction","target":["https:\/\/makymat.com\/socios-comerciales\/"]}]},{"@type":"BreadcrumbList","@id":"https:\/\/makymat.com\/socios-comerciales\/#breadcrumb","itemListElement":[{"@type":"ListItem","position":1,"name":"Portada","item":"https:\/\/makymat.com\/"},{"@type":"ListItem","position":2,"name":"SOCIOS COMERCIALES"}]},{"@type":"WebSite","@id":"https:\/\/makymat.com\/#website","url":"https:\/\/makymat.com\/","name":"Makymat","description":"En Makymat tenemos como objetivo el brindarle ingredientes de alta tecnolog\u00eda para el sector de alimentos, industrial (pinturas, resinas y qu\u00edmica en general) ,empaque, salud y cuidado personal con un enfoque apoyado fuertemente en el servicio.","publisher":{"@id":"https:\/\/makymat.com\/#organization"},"potentialAction":[{"@type":"SearchAction","target":{"@type":"EntryPoint","urlTemplate":"https:\/\/makymat.com\/?s={search_term_string}"},"query-input":{"@type":"PropertyValueSpecification","valueRequired":true,"valueName":"search_term_string"}}],"inLanguage":"en-US"},{"@type":"Organization","@id":"https:\/\/makymat.com\/#organization","name":"MAKYMAT","url":"https:\/\/makymat.com\/","logo":{"@type":"ImageObject","inLanguage":"en-US","@id":"https:\/\/makymat.com\/#\/schema\/logo\/image\/","url":"https:\/\/makymat.com\/v2\/wp-content\/uploads\/2019\/02\/logo-norm.png","contentUrl":"https:\/\/makymat.com\/v2\/wp-content\/uploads\/2019\/02\/logo-norm.png","width":425,"height":56,"caption":"MAKYMAT"},"image":{"@id":"https:\/\/makymat.com\/#\/schema\/logo\/image\/"},"sameAs":["https:\/\/www.facebook.com\/Makymat-122451571138003\/"]}]}},"_links":{"self":[{"href":"https:\/\/makymat.com\/en\/wp-json\/wp\/v2\/pages\/220","targetHints":{"allow":["GET"]}}],"collection":[{"href":"https:\/\/makymat.com\/en\/wp-json\/wp\/v2\/pages"}],"about":[{"href":"https:\/\/makymat.com\/en\/wp-json\/wp\/v2\/types\/page"}],"author":[{"embeddable":true,"href":"https:\/\/makymat.com\/en\/wp-json\/wp\/v2\/users\/1"}],"replies":[{"embeddable":true,"href":"https:\/\/makymat.com\/en\/wp-json\/wp\/v2\/comments?post=220"}],"version-history":[{"count":66,"href":"https:\/\/makymat.com\/en\/wp-json\/wp\/v2\/pages\/220\/revisions"}],"predecessor-version":[{"id":2797,"href":"https:\/\/makymat.com\/en\/wp-json\/wp\/v2\/pages\/220\/revisions\/2797"}],"wp:attachment":[{"href":"https:\/\/makymat.com\/en\/wp-json\/wp\/v2\/media?parent=220"}],"curies":[{"name":"wp","href":"https:\/\/api.w.org\/{rel}","templated":true}]}}