{"id":176,"date":"2019-02-13T17:07:13","date_gmt":"2019-02-13T17:07:13","guid":{"rendered":"http:\/\/makymat.com\/v2\/?page_id=176"},"modified":"2022-06-04T18:07:39","modified_gmt":"2022-06-04T18:07:39","slug":"servicio-tecnico","status":"publish","type":"page","link":"https:\/\/makymat.com\/en\/servicio-tecnico\/","title":{"rendered":"TECHNICAL SERVICE"},"content":{"rendered":"<p>[et_pb_section fb_built=\u00bb1&#8243; _builder_version=\u00bb3.22&#8243; custom_padding=\u00bb0px|0px|0px|0px\u00bb][et_pb_row _builder_version=\u00bb3.25&#8243; background_image=\u00bbhttp:\/\/makymat.com\/v2\/wp-content\/uploads\/2019\/02\/laboratorioslide-2.jpg\u00bb width=\u00bb100%\u00bb max_width=\u00bb100%\u00bb custom_margin=\u00bb0px|0px|0px|0px\u00bb custom_padding=\u00bb11%|0px|16%|0px\u00bb use_custom_width=\u00bbon\u00bb width_unit=\u00bboff\u00bb custom_width_percent=\u00bb100%\u00bb column_structure=\u00bb1_4,1_2,1_4&#8243;][et_pb_column type=\u00bb1_4&#8243; _builder_version=\u00bb3.25&#8243; custom_padding=\u00bb0px|0px|0px|0px\u00bb custom_padding__hover=\u00bb|||\u00bb][\/et_pb_column][et_pb_column type=\u00bb1_2&#8243; _builder_version=\u00bb3.25&#8243; custom_padding=\u00bb|||\u00bb custom_padding__hover=\u00bb|||\u00bb][et_pb_image src=\u00bbhttp:\/\/makymat.com\/v2\/wp-content\/uploads\/2019\/02\/hojatitulo.png\u00bb align=\u00bbcenter\u00bb align_tablet=\u00bbcenter\u00bb align_last_edited=\u00bbon|desktop\u00bb _builder_version=\u00bb3.23&#8243; custom_margin=\u00bb0px|0px|0px|0px\u00bb custom_padding=\u00bb0px|0px|0px|0px\u00bb][\/et_pb_image][et_pb_text _builder_version=\u00bb3.27.4&#8243; custom_margin=\u00bb||0px|\u00bb]<\/p>\n<h1 style=\"text-align: center;\"><span style=\"color: #ffffff;\"><strong><em>Technical Service And Applications Laboratory<\/em><\/strong><\/span><\/h1>\n<p>[\/et_pb_text][et_pb_text _builder_version=\u00bb3.27.4&#8243; text_font=\u00bb||||||||\u00bb background_layout=\u00bbdark\u00bb]<\/p>\n<p style=\"text-align: center;\"><span style=\"font-weight: 400;\">We have a technical service laboratory dedicated to supporting the application of the products we market in your formulations.<\/span><\/p>\n<p style=\"text-align: center;\">Among the activities we perform and that we put at your service are the following:<\/p>\n<p>[\/et_pb_text][\/et_pb_column][et_pb_column type=\u00bb1_4&#8243; _builder_version=\u00bb3.25&#8243; custom_padding=\u00bb|||\u00bb custom_padding__hover=\u00bb|||\u00bb][\/et_pb_column][\/et_pb_row][\/et_pb_section][et_pb_section fb_built=\u00bb1&#8243; _builder_version=\u00bb3.22&#8243; custom_padding=\u00bb50px|0px|54px|0px\u00bb][et_pb_row _builder_version=\u00bb3.25&#8243; custom_padding=\u00bb0px|0px|27px|0px\u00bb column_structure=\u00bb1_4,1_4,1_4,1_4&#8243;][et_pb_column type=\u00bb1_4&#8243; _builder_version=\u00bb3.25&#8243; custom_padding=\u00bb|||\u00bb custom_padding__hover=\u00bb|||\u00bb][et_pb_image src=\u00bbhttp:\/\/makymat.com\/v2\/wp-content\/uploads\/2019\/05\/aplicacion-a-productos.png\u00bb align_tablet=\u00bbcenter\u00bb align_last_edited=\u00bbon|desktop\u00bb _builder_version=\u00bb3.23&#8243; max_width=\u00bb50%\u00bb module_alignment=\u00bbcenter\u00bb][\/et_pb_image][et_pb_text _builder_version=\u00bb3.27.4&#8243; text_font=\u00bb||||||||\u00bb header_font=\u00bb||||||||\u00bb header_5_font=\u00bb||||||||\u00bb header_5_text_color=\u00bb#405171&#8243;]<\/p>\n<h5 style=\"text-align: center;\"><strong>Product Application<\/strong><\/h5>\n<p style=\"text-align: center;\">Allows you to evaluate the characteristics, properties and possible benefits in finished products.<\/p>\n<p>[\/et_pb_text][\/et_pb_column][et_pb_column type=\u00bb1_4&#8243; _builder_version=\u00bb3.25&#8243; custom_padding=\u00bb|||\u00bb custom_padding__hover=\u00bb|||\u00bb][et_pb_image src=\u00bbhttp:\/\/makymat.com\/v2\/wp-content\/uploads\/2019\/05\/realizacion-ensayos.png\u00bb align_tablet=\u00bbcenter\u00bb align_last_edited=\u00bbon|desktop\u00bb _builder_version=\u00bb3.23&#8243; max_width=\u00bb50%\u00bb module_alignment=\u00bbcenter\u00bb][\/et_pb_image][et_pb_text _builder_version=\u00bb3.27.4&#8243; text_font=\u00bb||||||||\u00bb header_font=\u00bb||||||||\u00bb header_5_font=\u00bb||||||||\u00bb header_5_text_color=\u00bb#405171&#8243;]<\/p>\n<h5 style=\"text-align: center;\"><strong>Conducting tests<\/strong><\/h5>\n<p style=\"text-align: center;\">We intend to run  general evaluations of the processes in which a product is to be submitted.<\/p>\n<p>[\/et_pb_text][\/et_pb_column][et_pb_column type=\u00bb1_4&#8243; _builder_version=\u00bb3.25&#8243; custom_padding=\u00bb|||\u00bb custom_padding__hover=\u00bb|||\u00bb][et_pb_image src=\u00bbhttp:\/\/makymat.com\/v2\/wp-content\/uploads\/2019\/05\/desarrollo-productos-terminados.png\u00bb align_tablet=\u00bbcenter\u00bb align_last_edited=\u00bbon|desktop\u00bb _builder_version=\u00bb3.23&#8243; max_width=\u00bb50%\u00bb module_alignment=\u00bbcenter\u00bb][\/et_pb_image][et_pb_text _builder_version=\u00bb3.27.4&#8243; text_font=\u00bb||||||||\u00bb header_font=\u00bb||||||||\u00bb header_5_font=\u00bb||||||||\u00bb header_5_text_color=\u00bb#405171&#8243;]<\/p>\n<h5 style=\"text-align: center;\"><strong>Finished Products Development<\/strong><\/h5>\n<p style=\"text-align: center;\">Under the condition that they include a product that we sell.<\/p>\n<p>[\/et_pb_text][\/et_pb_column][et_pb_column type=\u00bb1_4&#8243; _builder_version=\u00bb3.25&#8243; custom_padding=\u00bb|||\u00bb custom_padding__hover=\u00bb|||\u00bb][et_pb_image src=\u00bbhttp:\/\/makymat.com\/v2\/wp-content\/uploads\/2019\/05\/informacio-tecnica.png\u00bb align_tablet=\u00bbcenter\u00bb align_last_edited=\u00bbon|desktop\u00bb _builder_version=\u00bb3.23&#8243; max_width=\u00bb50%\u00bb module_alignment=\u00bbcenter\u00bb][\/et_pb_image][et_pb_text _builder_version=\u00bb3.27.4&#8243; text_font=\u00bb||||||||\u00bb header_font=\u00bb||||||||\u00bb header_5_font=\u00bb||||||||\u00bb header_5_text_color=\u00bb#405171&#8243;]<\/p>\n<h5 style=\"text-align: center;\"><em><strong>Technical Information<\/strong><\/em><\/h5>\n<p style=\"text-align: center;\">We offer Detailed Information On All The Products We Sell.<\/p>\n<p>[\/et_pb_text][\/et_pb_column][\/et_pb_row][\/et_pb_section][et_pb_section fb_built=\u00bb1&#8243; _builder_version=\u00bb3.22&#8243; custom_margin=\u00bb0px|0px|0px|0px\u00bb custom_padding=\u00bb0px|0px|0px|0px\u00bb][et_pb_row _builder_version=\u00bb3.25&#8243; custom_padding=\u00bb0px|10%|27px|10%\u00bb column_structure=\u00bb1_3,1_3,1_3&#8243;][et_pb_column type=\u00bb1_3&#8243; _builder_version=\u00bb3.25&#8243; custom_padding=\u00bb|||\u00bb custom_padding__hover=\u00bb|||\u00bb][et_pb_image src=\u00bbhttp:\/\/makymat.com\/v2\/wp-content\/uploads\/2019\/05\/telefonica.png\u00bb align_tablet=\u00bbcenter\u00bb align_last_edited=\u00bbon|desktop\u00bb _builder_version=\u00bb3.23&#8243; max_width=\u00bb50%\u00bb module_alignment=\u00bbcenter\u00bb][\/et_pb_image][et_pb_text _builder_version=\u00bb3.27.4&#8243; text_font=\u00bb||||||||\u00bb header_font=\u00bb||||||||\u00bb header_5_font=\u00bb||||||||\u00bb header_5_text_color=\u00bb#405171&#8243;]<\/p>\n<h5 style=\"text-align: center;\"><em><strong>Telephone Support<\/strong><\/em><\/h5>\n<p style=\"text-align: center;\">We provide customer support to resolve technical inquiries about our products.<\/p>\n<p>[\/et_pb_text][\/et_pb_column][et_pb_column type=\u00bb1_3&#8243; _builder_version=\u00bb3.25&#8243; custom_padding=\u00bb|||\u00bb custom_padding__hover=\u00bb|||\u00bb][et_pb_image src=\u00bbhttp:\/\/makymat.com\/v2\/wp-content\/uploads\/2019\/05\/visitas.png\u00bb align_tablet=\u00bbcenter\u00bb align_last_edited=\u00bbon|desktop\u00bb _builder_version=\u00bb3.23&#8243; max_width=\u00bb50%\u00bb module_alignment=\u00bbcenter\u00bb][\/et_pb_image][et_pb_text _builder_version=\u00bb3.27.4&#8243; text_font=\u00bb||||||||\u00bb header_font=\u00bb||||||||\u00bb header_5_font=\u00bb||||||||\u00bb header_5_text_color=\u00bb#405171&#8243;]<\/p>\n<h5 style=\"text-align: center;\"><em><strong>Technical Visits<\/strong><\/em><\/h5>\n<p style=\"text-align: center;\">We offer face to face interactions with  our customers, as well technical presentations, seminars.<\/p>\n<p>[\/et_pb_text][\/et_pb_column][et_pb_column type=\u00bb1_3&#8243; _builder_version=\u00bb3.25&#8243; custom_padding=\u00bb|||\u00bb custom_padding__hover=\u00bb|||\u00bb][et_pb_image src=\u00bbhttp:\/\/makymat.com\/v2\/wp-content\/uploads\/2019\/05\/piloto.png\u00bb align_tablet=\u00bbcenter\u00bb align_last_edited=\u00bbon|desktop\u00bb _builder_version=\u00bb3.23&#8243; max_width=\u00bb50%\u00bb module_alignment=\u00bbcenter\u00bb][\/et_pb_image][et_pb_text _builder_version=\u00bb3.27.4&#8243; text_font=\u00bb||||||||\u00bb header_font=\u00bb||||||||\u00bb header_5_font=\u00bb||||||||\u00bb header_5_text_color=\u00bb#405171&#8243;]<\/p>\n<h5 style=\"text-align: center;\"><em><strong>Pilot Tests<\/strong><\/em><\/h5>\n<p style=\"text-align: center;\">This service, together with the support at production level, allows  for a fast  adjustment of your  production means.<\/p>\n<p>[\/et_pb_text][\/et_pb_column][\/et_pb_row][et_pb_row use_custom_gutter=\u00bbon\u00bb gutter_width=\u00bb0&#8243; make_equal=\u00bbon\u00bb _builder_version=\u00bb3.25&#8243; width=\u00bb100%\u00bb max_width=\u00bb100%\u00bb custom_margin=\u00bb|||\u00bb custom_padding=\u00bb0px|0px|0px|0px\u00bb use_custom_width=\u00bbon\u00bb width_unit=\u00bboff\u00bb custom_width_percent=\u00bb100%\u00bb column_structure=\u00bb1_3,1_3,1_3&#8243;][et_pb_column type=\u00bb1_3&#8243; _builder_version=\u00bb3.25&#8243; background_image=\u00bbhttp:\/\/makymat.com\/v2\/wp-content\/uploads\/2019\/05\/lab-11.jpg\u00bb custom_padding=\u00bb10%||10%|\u00bb custom_padding__hover=\u00bb|||\u00bb][\/et_pb_column][et_pb_column type=\u00bb1_3&#8243; _builder_version=\u00bb3.25&#8243; background_image=\u00bbhttp:\/\/makymat.com\/v2\/wp-content\/uploads\/2019\/02\/lab2.jpg\u00bb custom_padding=\u00bb10%||10%|\u00bb custom_padding__hover=\u00bb|||\u00bb][\/et_pb_column][et_pb_column type=\u00bb1_3&#8243; _builder_version=\u00bb3.25&#8243; background_image=\u00bbhttp:\/\/makymat.com\/v2\/wp-content\/uploads\/2019\/05\/lab4.jpg\u00bb custom_padding=\u00bb|||\u00bb custom_padding__hover=\u00bb|||\u00bb][\/et_pb_column][\/et_pb_row][et_pb_row make_equal=\u00bbon\u00bb _builder_version=\u00bb3.25&#8243; width=\u00bb100%\u00bb max_width=\u00bb100%\u00bb use_custom_width=\u00bbon\u00bb width_unit=\u00bboff\u00bb custom_width_percent=\u00bb100%\u00bb][et_pb_column type=\u00bb4_4&#8243; _builder_version=\u00bb3.25&#8243; custom_padding=\u00bb|||\u00bb custom_padding__hover=\u00bb|||\u00bb][et_pb_image src=\u00bbhttp:\/\/makymat.com\/v2\/wp-content\/uploads\/2020\/10\/Dise\u00f1o-sin-t\u00edtulo-68.png\u00bb align_tablet=\u00bbcenter\u00bb align_last_edited=\u00bbon|desktop\u00bb _builder_version=\u00bb3.23&#8243; background_image=\u00bbhttp:\/\/makymat.com\/v2\/wp-content\/uploads\/2020\/10\/Dise\u00f1o-sin-t\u00edtulo-67-1.png\u00bb custom_margin=\u00bb|||\u00bb][\/et_pb_image][\/et_pb_column][\/et_pb_row][\/et_pb_section]<\/p>","protected":false},"excerpt":{"rendered":"<p>LABORATORIO DE SERVICIO T\u00c9CNICO Y APLICACIONESContamos con un laboratorio de servicio t\u00e9cnico destinado a apoyar la aplicaci\u00f3n de productos que comercializamos en sus formulaciones. Dentro de las actividades que desempe\u00f1amos y que ponemos a su servicio se encuentran las siguientes: Aplicaci\u00f3n de productos Le permite evaluar las caracter\u00edsticas, propiedades y los posibles beneficios en productos [&hellip;]<\/p>","protected":false},"author":1,"featured_media":0,"parent":0,"menu_order":0,"comment_status":"closed","ping_status":"closed","template":"","meta":{"_et_pb_use_builder":"on","_et_pb_old_content":"","_et_gb_content_width":"","footnotes":""},"class_list":["post-176","page","type-page","status-publish","hentry"],"yoast_head":"<!-- This site is optimized with the Yoast SEO plugin v24.7 - https:\/\/yoast.com\/wordpress\/plugins\/seo\/ -->\n<title>SERVICIO T\u00c9CNICO - Makymat<\/title>\n<meta name=\"robots\" content=\"index, follow, max-snippet:-1, max-image-preview:large, max-video-preview:-1\" \/>\n<link rel=\"canonical\" href=\"https:\/\/makymat.com\/en\/servicio-tecnico\/\" \/>\n<meta property=\"og:locale\" content=\"en_US\" \/>\n<meta property=\"og:type\" content=\"article\" \/>\n<meta property=\"og:title\" content=\"SERVICIO T\u00c9CNICO - Makymat\" \/>\n<meta property=\"og:description\" content=\"LABORATORIO DE SERVICIO T\u00c9CNICO Y APLICACIONESContamos con un laboratorio de servicio t\u00e9cnico destinado a apoyar la aplicaci\u00f3n de productos que comercializamos en sus formulaciones. Dentro de las actividades que desempe\u00f1amos y que ponemos a su servicio se encuentran las siguientes: Aplicaci\u00f3n de productos Le permite evaluar las caracter\u00edsticas, propiedades y los posibles beneficios en productos [&hellip;]\" \/>\n<meta property=\"og:url\" content=\"https:\/\/makymat.com\/en\/servicio-tecnico\/\" \/>\n<meta property=\"og:site_name\" content=\"Makymat\" \/>\n<meta property=\"article:publisher\" content=\"https:\/\/www.facebook.com\/Makymat-122451571138003\/\" \/>\n<meta property=\"article:modified_time\" content=\"2022-06-04T18:07:39+00:00\" \/>\n<meta name=\"twitter:card\" content=\"summary_large_image\" \/>\n<meta name=\"twitter:label1\" content=\"Est. reading time\" \/>\n\t<meta name=\"twitter:data1\" content=\"5 minutes\" \/>\n<script type=\"application\/ld+json\" class=\"yoast-schema-graph\">{\"@context\":\"https:\/\/schema.org\",\"@graph\":[{\"@type\":\"WebPage\",\"@id\":\"https:\/\/makymat.com\/servicio-tecnico\/\",\"url\":\"https:\/\/makymat.com\/servicio-tecnico\/\",\"name\":\"SERVICIO T\u00c9CNICO - Makymat\",\"isPartOf\":{\"@id\":\"https:\/\/makymat.com\/#website\"},\"datePublished\":\"2019-02-13T17:07:13+00:00\",\"dateModified\":\"2022-06-04T18:07:39+00:00\",\"breadcrumb\":{\"@id\":\"https:\/\/makymat.com\/servicio-tecnico\/#breadcrumb\"},\"inLanguage\":\"en-US\",\"potentialAction\":[{\"@type\":\"ReadAction\",\"target\":[\"https:\/\/makymat.com\/servicio-tecnico\/\"]}]},{\"@type\":\"BreadcrumbList\",\"@id\":\"https:\/\/makymat.com\/servicio-tecnico\/#breadcrumb\",\"itemListElement\":[{\"@type\":\"ListItem\",\"position\":1,\"name\":\"Portada\",\"item\":\"https:\/\/makymat.com\/\"},{\"@type\":\"ListItem\",\"position\":2,\"name\":\"SERVICIO T\u00c9CNICO\"}]},{\"@type\":\"WebSite\",\"@id\":\"https:\/\/makymat.com\/#website\",\"url\":\"https:\/\/makymat.com\/\",\"name\":\"Makymat\",\"description\":\"En Makymat tenemos como objetivo el brindarle ingredientes de alta tecnolog\u00eda para el sector de alimentos, industrial (pinturas, resinas y qu\u00edmica en general) ,empaque, salud y cuidado personal con un enfoque apoyado fuertemente en el servicio.\",\"publisher\":{\"@id\":\"https:\/\/makymat.com\/#organization\"},\"potentialAction\":[{\"@type\":\"SearchAction\",\"target\":{\"@type\":\"EntryPoint\",\"urlTemplate\":\"https:\/\/makymat.com\/?s={search_term_string}\"},\"query-input\":{\"@type\":\"PropertyValueSpecification\",\"valueRequired\":true,\"valueName\":\"search_term_string\"}}],\"inLanguage\":\"en-US\"},{\"@type\":\"Organization\",\"@id\":\"https:\/\/makymat.com\/#organization\",\"name\":\"MAKYMAT\",\"url\":\"https:\/\/makymat.com\/\",\"logo\":{\"@type\":\"ImageObject\",\"inLanguage\":\"en-US\",\"@id\":\"https:\/\/makymat.com\/#\/schema\/logo\/image\/\",\"url\":\"https:\/\/makymat.com\/v2\/wp-content\/uploads\/2019\/02\/logo-norm.png\",\"contentUrl\":\"https:\/\/makymat.com\/v2\/wp-content\/uploads\/2019\/02\/logo-norm.png\",\"width\":425,\"height\":56,\"caption\":\"MAKYMAT\"},\"image\":{\"@id\":\"https:\/\/makymat.com\/#\/schema\/logo\/image\/\"},\"sameAs\":[\"https:\/\/www.facebook.com\/Makymat-122451571138003\/\"]}]}<\/script>\n<!-- \/ Yoast SEO plugin. -->","yoast_head_json":{"title":"SERVICIO T\u00c9CNICO - Makymat","robots":{"index":"index","follow":"follow","max-snippet":"max-snippet:-1","max-image-preview":"max-image-preview:large","max-video-preview":"max-video-preview:-1"},"canonical":"https:\/\/makymat.com\/en\/servicio-tecnico\/","og_locale":"en_US","og_type":"article","og_title":"SERVICIO T\u00c9CNICO - Makymat","og_description":"LABORATORIO DE SERVICIO T\u00c9CNICO Y APLICACIONESContamos con un laboratorio de servicio t\u00e9cnico destinado a apoyar la aplicaci\u00f3n de productos que comercializamos en sus formulaciones. Dentro de las actividades que desempe\u00f1amos y que ponemos a su servicio se encuentran las siguientes: Aplicaci\u00f3n de productos Le permite evaluar las caracter\u00edsticas, propiedades y los posibles beneficios en productos [&hellip;]","og_url":"https:\/\/makymat.com\/en\/servicio-tecnico\/","og_site_name":"Makymat","article_publisher":"https:\/\/www.facebook.com\/Makymat-122451571138003\/","article_modified_time":"2022-06-04T18:07:39+00:00","twitter_card":"summary_large_image","twitter_misc":{"Est. reading time":"5 minutes"},"schema":{"@context":"https:\/\/schema.org","@graph":[{"@type":"WebPage","@id":"https:\/\/makymat.com\/servicio-tecnico\/","url":"https:\/\/makymat.com\/servicio-tecnico\/","name":"SERVICIO T\u00c9CNICO - Makymat","isPartOf":{"@id":"https:\/\/makymat.com\/#website"},"datePublished":"2019-02-13T17:07:13+00:00","dateModified":"2022-06-04T18:07:39+00:00","breadcrumb":{"@id":"https:\/\/makymat.com\/servicio-tecnico\/#breadcrumb"},"inLanguage":"en-US","potentialAction":[{"@type":"ReadAction","target":["https:\/\/makymat.com\/servicio-tecnico\/"]}]},{"@type":"BreadcrumbList","@id":"https:\/\/makymat.com\/servicio-tecnico\/#breadcrumb","itemListElement":[{"@type":"ListItem","position":1,"name":"Portada","item":"https:\/\/makymat.com\/"},{"@type":"ListItem","position":2,"name":"SERVICIO T\u00c9CNICO"}]},{"@type":"WebSite","@id":"https:\/\/makymat.com\/#website","url":"https:\/\/makymat.com\/","name":"Makymat","description":"En Makymat tenemos como objetivo el brindarle ingredientes de alta tecnolog\u00eda para el sector de alimentos, industrial (pinturas, resinas y qu\u00edmica en general) ,empaque, salud y cuidado personal con un enfoque apoyado fuertemente en el servicio.","publisher":{"@id":"https:\/\/makymat.com\/#organization"},"potentialAction":[{"@type":"SearchAction","target":{"@type":"EntryPoint","urlTemplate":"https:\/\/makymat.com\/?s={search_term_string}"},"query-input":{"@type":"PropertyValueSpecification","valueRequired":true,"valueName":"search_term_string"}}],"inLanguage":"en-US"},{"@type":"Organization","@id":"https:\/\/makymat.com\/#organization","name":"MAKYMAT","url":"https:\/\/makymat.com\/","logo":{"@type":"ImageObject","inLanguage":"en-US","@id":"https:\/\/makymat.com\/#\/schema\/logo\/image\/","url":"https:\/\/makymat.com\/v2\/wp-content\/uploads\/2019\/02\/logo-norm.png","contentUrl":"https:\/\/makymat.com\/v2\/wp-content\/uploads\/2019\/02\/logo-norm.png","width":425,"height":56,"caption":"MAKYMAT"},"image":{"@id":"https:\/\/makymat.com\/#\/schema\/logo\/image\/"},"sameAs":["https:\/\/www.facebook.com\/Makymat-122451571138003\/"]}]}},"_links":{"self":[{"href":"https:\/\/makymat.com\/en\/wp-json\/wp\/v2\/pages\/176","targetHints":{"allow":["GET"]}}],"collection":[{"href":"https:\/\/makymat.com\/en\/wp-json\/wp\/v2\/pages"}],"about":[{"href":"https:\/\/makymat.com\/en\/wp-json\/wp\/v2\/types\/page"}],"author":[{"embeddable":true,"href":"https:\/\/makymat.com\/en\/wp-json\/wp\/v2\/users\/1"}],"replies":[{"embeddable":true,"href":"https:\/\/makymat.com\/en\/wp-json\/wp\/v2\/comments?post=176"}],"version-history":[{"count":76,"href":"https:\/\/makymat.com\/en\/wp-json\/wp\/v2\/pages\/176\/revisions"}],"predecessor-version":[{"id":2047,"href":"https:\/\/makymat.com\/en\/wp-json\/wp\/v2\/pages\/176\/revisions\/2047"}],"wp:attachment":[{"href":"https:\/\/makymat.com\/en\/wp-json\/wp\/v2\/media?parent=176"}],"curies":[{"name":"wp","href":"https:\/\/api.w.org\/{rel}","templated":true}]}}